{"id":3,"date":"2025-04-25T10:43:26","date_gmt":"2025-04-25T10:43:26","guid":{"rendered":"https:\/\/jetsetdrive.com\/?page_id=3"},"modified":"2025-04-29T10:41:15","modified_gmt":"2025-04-29T07:41:15","slug":"personvernerklaering","status":"publish","type":"page","link":"https:\/\/jetsetdrive.com\/nb\/personvernerklaering\/","title":{"rendered":"Privacy Policy"},"content":{"rendered":"<h2 class=\"wp-block-heading\">Hvem vi er<\/h2>\n\n\n<p><strong class=\"privacy-policy-tutorial\">Foresl\u00e5tt tekst: <\/strong>Adressen til nettstedet v\u00e5rt er https:\/\/jetsetdrive.com.<\/p>\n\n\n<h2 class=\"wp-block-heading\">Kommentarer<\/h2>\n\n\n<p><strong class=\"privacy-policy-tutorial\">Foresl\u00e5tt tekst: <\/strong>N\u00e5r bes\u00f8kende legger igjen kommentarer p\u00e5 nettstedet, samler vi inn dataene som vises i kommentarskjemaet, samt den bes\u00f8kendes IP-adresse og nettleserens brukeragentstreng for \u00e5 bidra til \u00e5 oppdage spam.<\/p>\n\n\n<p>En anonymisert streng opprettet fra e-postadressen din (ogs\u00e5 kalt en hash) kan leveres til Gravatar-tjenesten for \u00e5 se om du bruker den. Gravatar-tjenestens personvernerkl\u00e6ring er tilgjengelig her: https:\/\/automattic.com\/privacy\/. Etter at kommentaren din er godkjent, er profilbildet ditt synlig for publikum i forbindelse med kommentaren din.<\/p>\n\n\n<h2 class=\"wp-block-heading\">Medier<\/h2>\n\n\n<p><strong class=\"privacy-policy-tutorial\">Foresl\u00e5tt tekst: <\/strong>Hvis du laster opp bilder til nettstedet, b\u00f8r du unng\u00e5 \u00e5 laste opp bilder med innebygde posisjonsdata (EXIF GPS). Bes\u00f8kende p\u00e5 nettstedet kan laste ned og hente ut lokasjonsdata fra bilder p\u00e5 nettstedet.<\/p>\n\n\n<h2 class=\"wp-block-heading\">Informasjonskapsler<\/h2>\n\n\n<p><strong class=\"privacy-policy-tutorial\">Foresl\u00e5tt tekst: <\/strong>Hvis du legger igjen en kommentar p\u00e5 nettstedet v\u00e5rt, kan du velge \u00e5 lagre navn, e-postadresse og nettsted i informasjonskapsler. Dette er for \u00e5 gj\u00f8re det enklere for deg, slik at du ikke trenger \u00e5 fylle inn opplysningene dine p\u00e5 nytt n\u00e5r du legger igjen en ny kommentar. Disse informasjonskapslene vil vare i ett \u00e5r.<\/p>\n\n\n<p>Hvis du bes\u00f8ker innloggingssiden v\u00e5r, setter vi en midlertidig informasjonskapsel for \u00e5 finne ut om nettleseren din godtar informasjonskapsler. Denne informasjonskapselen inneholder ingen personopplysninger og slettes n\u00e5r du lukker nettleseren din.<\/p>\n\n\n<p>N\u00e5r du logger inn, setter vi ogs\u00e5 opp flere informasjonskapsler for \u00e5 lagre p\u00e5loggingsinformasjonen din og skjermvalgene dine. Informasjonskapsler for p\u00e5logging varer i to dager, og informasjonskapsler for skjermalternativer varer i ett \u00e5r. Hvis du velger \"Husk meg\", lagres p\u00e5loggingen din i to uker. Hvis du logger ut av kontoen din, slettes innloggingsinformasjonskapslene.<\/p>\n\n\n<p>Hvis du redigerer eller publiserer en artikkel, lagres det en ekstra informasjonskapsel i nettleseren din. Denne informasjonskapselen inneholder ingen personopplysninger og angir bare innleggs-ID-en til artikkelen du nettopp har redigert. Den utl\u00f8per etter 1 dag.<\/p>\n\n\n<h2 class=\"wp-block-heading\">Innebygd innhold fra andre nettsteder<\/h2>\n\n\n<p><strong class=\"privacy-policy-tutorial\">Foresl\u00e5tt tekst: <\/strong>Artikler p\u00e5 dette nettstedet kan inneholde innebygd innhold (f.eks. videoer, bilder, artikler osv.). Innebygd innhold fra andre nettsteder oppf\u00f8rer seg p\u00e5 n\u00f8yaktig samme m\u00e5te som om den bes\u00f8kende har bes\u00f8kt det andre nettstedet.<\/p>\n\n\n<p>Disse nettstedene kan samle inn data om deg, bruke informasjonskapsler, legge inn ekstra tredjepartssporing og overv\u00e5ke din interaksjon med det innebygde innholdet, inkludert sporing av din interaksjon med det innebygde innholdet hvis du har en konto og er logget inn p\u00e5 det aktuelle nettstedet.<\/p>\n\n\n<h2 class=\"wp-block-heading\">Hvem vi deler opplysningene dine med<\/h2>\n\n\n<p><strong class=\"privacy-policy-tutorial\">Foresl\u00e5tt tekst: <\/strong>Hvis du ber om \u00e5 f\u00e5 tilbakestilt passordet ditt, vil IP-adressen din bli inkludert i e-posten om tilbakestilling.<\/p>\n\n\n<h2 class=\"wp-block-heading\">Hvor lenge vi lagrer opplysningene dine<\/h2>\n\n\n<p><strong class=\"privacy-policy-tutorial\">Foresl\u00e5tt tekst: <\/strong>Hvis du legger igjen en kommentar, blir kommentaren og dens metadata lagret p\u00e5 ubestemt tid. Dette er for at vi skal kunne gjenkjenne og godkjenne eventuelle oppf\u00f8lgingskommentarer automatisk i stedet for \u00e5 holde dem i en modereringsk\u00f8.<\/p>\n\n\n<p>For brukere som registrerer seg p\u00e5 nettstedet v\u00e5rt (hvis noen), lagrer vi ogs\u00e5 den personlige informasjonen de oppgir i brukerprofilen sin. Alle brukere kan n\u00e5r som helst se, redigere eller slette personopplysningene sine (bortsett fra at de ikke kan endre brukernavnet sitt). Nettstedets administratorer kan ogs\u00e5 se og redigere denne informasjonen.<\/p>\n\n\n<h2 class=\"wp-block-heading\">Hvilke rettigheter du har over dataene dine<\/h2>\n\n\n<p><strong class=\"privacy-policy-tutorial\">Foresl\u00e5tt tekst: <\/strong>Hvis du har en konto p\u00e5 dette nettstedet, eller har lagt igjen kommentarer, kan du be om \u00e5 f\u00e5 tilsendt en eksportert fil med personopplysningene vi har om deg, inkludert eventuelle opplysninger du har gitt til oss. Du kan ogs\u00e5 be om at vi sletter alle personopplysninger vi har om deg. Dette omfatter ikke opplysninger vi er forpliktet til \u00e5 oppbevare av administrative, juridiske eller sikkerhetsmessige \u00e5rsaker.<\/p>\n\n\n<h2 class=\"wp-block-heading\">Hvor dataene dine sendes<\/h2>\n\n\n<p><strong class=\"privacy-policy-tutorial\">Foresl\u00e5tt tekst: <\/strong>Bes\u00f8kendes kommentarer kan kontrolleres gjennom en automatisert tjeneste for oppdagelse av s\u00f8ppelpost.<\/p>","protected":false},"excerpt":{"rendered":"<p>Who we are Suggested text: Our website address is: https:\/\/jetsetdrive.com. Comments Suggested text: When visitors leave comments on the site we collect the data shown in the comments form, and also the visitor&#8217;s IP address and browser user agent string to help spam detection. An anonymized string created from your email address (also called a [&hellip;]<\/p>","protected":false},"author":1,"featured_media":0,"parent":0,"menu_order":0,"comment_status":"closed","ping_status":"closed","template":"","meta":{"_acf_changed":false,"footnotes":""},"class_list":["post-3","page","type-page","status-publish","hentry"],"acf":[],"_links":{"self":[{"href":"https:\/\/jetsetdrive.com\/nb\/wp-json\/wp\/v2\/pages\/3","targetHints":{"allow":["GET"]}}],"collection":[{"href":"https:\/\/jetsetdrive.com\/nb\/wp-json\/wp\/v2\/pages"}],"about":[{"href":"https:\/\/jetsetdrive.com\/nb\/wp-json\/wp\/v2\/types\/page"}],"author":[{"embeddable":true,"href":"https:\/\/jetsetdrive.com\/nb\/wp-json\/wp\/v2\/users\/1"}],"replies":[{"embeddable":true,"href":"https:\/\/jetsetdrive.com\/nb\/wp-json\/wp\/v2\/comments?post=3"}],"version-history":[{"count":0,"href":"https:\/\/jetsetdrive.com\/nb\/wp-json\/wp\/v2\/pages\/3\/revisions"}],"wp:attachment":[{"href":"https:\/\/jetsetdrive.com\/nb\/wp-json\/wp\/v2\/media?parent=3"}],"curies":[{"name":"wp","href":"https:\/\/api.w.org\/{rel}","templated":true}]}}