{"id":3,"date":"2025-04-25T10:43:26","date_gmt":"2025-04-25T10:43:26","guid":{"rendered":"https:\/\/jetsetdrive.com\/?page_id=3"},"modified":"2025-04-29T10:41:15","modified_gmt":"2025-04-29T07:41:15","slug":"tietosuojakaytanto","status":"publish","type":"page","link":"https:\/\/jetsetdrive.com\/fi\/tietosuojakaytanto\/","title":{"rendered":"Privacy Policy"},"content":{"rendered":"<h2 class=\"wp-block-heading\">Keit\u00e4 me olemme<\/h2>\n\n\n<p><strong class=\"privacy-policy-tutorial\">Ehdotettu teksti: <\/strong>Verkkosivustomme osoite on: https:\/\/jetsetdrive.com.<\/p>\n\n\n<h2 class=\"wp-block-heading\">Kommentit<\/h2>\n\n\n<p><strong class=\"privacy-policy-tutorial\">Ehdotettu teksti: <\/strong>Kun k\u00e4vij\u00e4t j\u00e4tt\u00e4v\u00e4t kommentteja sivustolle, ker\u00e4\u00e4mme kommenttilomakkeessa n\u00e4kyv\u00e4t tiedot sek\u00e4 k\u00e4vij\u00e4n IP-osoitteen ja selaimen k\u00e4ytt\u00e4j\u00e4agenttijonon roskapostin havaitsemisen helpottamiseksi.<\/p>\n\n\n<p>Gravatar-palvelulle voidaan antaa s\u00e4hk\u00f6postiosoitteestasi luotu anonyymi merkkijono (jota kutsutaan my\u00f6s hashiksi), jotta voidaan n\u00e4hd\u00e4, k\u00e4yt\u00e4tk\u00f6 sit\u00e4. Gravatar-palvelun tietosuojak\u00e4yt\u00e4nt\u00f6 on saatavilla t\u00e4\u00e4ll\u00e4: https:\/\/automattic.com\/privacy\/. Kun kommenttisi on hyv\u00e4ksytty, profiilikuvasi n\u00e4kyy yleis\u00f6lle kommenttisi yhteydess\u00e4.<\/p>\n\n\n<h2 class=\"wp-block-heading\">Media<\/h2>\n\n\n<p><strong class=\"privacy-policy-tutorial\">Ehdotettu teksti: <\/strong>Jos lataat kuvia verkkosivustolle, sinun tulisi v\u00e4ltt\u00e4\u00e4 sellaisten kuvien lataamista, joihin on sis\u00e4llytetty sijaintitietoja (EXIF GPS). Verkkosivuston k\u00e4vij\u00e4t voivat ladata ja poimia sijaintitietoja verkkosivustolla olevista kuvista.<\/p>\n\n\n<h2 class=\"wp-block-heading\">Ev\u00e4steet<\/h2>\n\n\n<p><strong class=\"privacy-policy-tutorial\">Ehdotettu teksti: <\/strong>Jos j\u00e4t\u00e4t kommentin sivustollemme, voit suostua siihen, ett\u00e4 nimesi, s\u00e4hk\u00f6postiosoitteesi ja verkkosivustosi tallennetaan ev\u00e4steisiin. N\u00e4m\u00e4 ovat sinulle avuksi, jotta sinun ei tarvitse t\u00e4ytt\u00e4\u00e4 tietojasi uudelleen, kun j\u00e4t\u00e4t uuden kommentin. N\u00e4m\u00e4 ev\u00e4steet s\u00e4ilyv\u00e4t yhden vuoden ajan.<\/p>\n\n\n<p>Jos k\u00e4yt kirjautumissivullamme, asetamme v\u00e4liaikaisen ev\u00e4steen m\u00e4\u00e4ritt\u00e4\u00e4ksemme, hyv\u00e4ksyyk\u00f6 selaimesi ev\u00e4steet. T\u00e4m\u00e4 ev\u00e4ste ei sis\u00e4ll\u00e4 henkil\u00f6tietoja, ja se h\u00e4vitet\u00e4\u00e4n, kun suljet selaimesi.<\/p>\n\n\n<p>Kun kirjaudut sis\u00e4\u00e4n, asetamme my\u00f6s useita ev\u00e4steit\u00e4 tallentaaksemme kirjautumistietosi ja n\u00e4yt\u00f6n n\u00e4ytt\u00f6valintasi. Sis\u00e4\u00e4nkirjautumisev\u00e4steet s\u00e4ilyv\u00e4t kaksi p\u00e4iv\u00e4\u00e4, ja n\u00e4ytt\u00f6asetusten ev\u00e4steet s\u00e4ilyv\u00e4t vuoden. Jos valitset \"Muista minut\", kirjautumisesi s\u00e4ilyy kaksi viikkoa. Jos kirjaudut ulos tililt\u00e4si, kirjautumisev\u00e4steet poistetaan.<\/p>\n\n\n<p>Jos muokkaat tai julkaiset artikkelin, selaimeesi tallennetaan toinen ev\u00e4ste. T\u00e4m\u00e4 ev\u00e4ste ei sis\u00e4ll\u00e4 henkil\u00f6tietoja, vaan se ilmoittaa vain juuri muokkaamasi artikkelin postitustunnuksen. Se vanhenee 1 p\u00e4iv\u00e4n kuluttua.<\/p>\n\n\n<h2 class=\"wp-block-heading\">Muiden verkkosivustojen upotettu sis\u00e4lt\u00f6<\/h2>\n\n\n<p><strong class=\"privacy-policy-tutorial\">Ehdotettu teksti: <\/strong>T\u00e4m\u00e4n sivuston artikkelit voivat sis\u00e4lt\u00e4\u00e4 upotettua sis\u00e4lt\u00f6\u00e4 (esim. videoita, kuvia, artikkeleita jne.). Muiden verkkosivustojen upotettu sis\u00e4lt\u00f6 k\u00e4ytt\u00e4ytyy t\u00e4sm\u00e4lleen samalla tavalla kuin jos k\u00e4vij\u00e4 olisi vieraillut toisella verkkosivustolla.<\/p>\n\n\n<p>N\u00e4m\u00e4 verkkosivustot voivat ker\u00e4t\u00e4 tietoja sinusta, k\u00e4ytt\u00e4\u00e4 ev\u00e4steit\u00e4, upottaa kolmannen osapuolen lis\u00e4seurantaa ja seurata vuorovaikutustasi upotetun sis\u00e4ll\u00f6n kanssa, mukaan lukien vuorovaikutuksen seuraaminen upotetun sis\u00e4ll\u00f6n kanssa, jos sinulla on tili ja olet kirjautunut sis\u00e4\u00e4n kyseiselle verkkosivustolle.<\/p>\n\n\n<h2 class=\"wp-block-heading\">Kenen kanssa jaamme tietojasi<\/h2>\n\n\n<p><strong class=\"privacy-policy-tutorial\">Ehdotettu teksti: <\/strong>Jos pyyd\u00e4t salasanan palautusta, IP-osoitteesi sis\u00e4llytet\u00e4\u00e4n palautuss\u00e4hk\u00f6postiin.<\/p>\n\n\n<h2 class=\"wp-block-heading\">Kuinka kauan s\u00e4ilyt\u00e4mme tietojasi<\/h2>\n\n\n<p><strong class=\"privacy-policy-tutorial\">Ehdotettu teksti: <\/strong>Jos j\u00e4t\u00e4t kommentin, kommentti ja sen metatiedot s\u00e4ilytet\u00e4\u00e4n loputtomiin. N\u00e4in voimme tunnistaa ja hyv\u00e4ksy\u00e4 mahdolliset jatkokommentit automaattisesti sen sijaan, ett\u00e4 pit\u00e4isimme niit\u00e4 moderointijonossa.<\/p>\n\n\n<p>Sivustollamme rekister\u00f6ityneiden k\u00e4ytt\u00e4jien (jos sellaisia on) osalta tallennamme heid\u00e4n antamansa henkil\u00f6tiedot my\u00f6s heid\u00e4n k\u00e4ytt\u00e4j\u00e4profiiliinsa. Kaikki k\u00e4ytt\u00e4j\u00e4t voivat milloin tahansa n\u00e4hd\u00e4, muokata tai poistaa henkil\u00f6kohtaisia tietojaan (paitsi ett\u00e4 he eiv\u00e4t voi muuttaa k\u00e4ytt\u00e4j\u00e4tunnustaan). My\u00f6s verkkosivuston yll\u00e4pit\u00e4j\u00e4t voivat n\u00e4hd\u00e4 ja muokata n\u00e4it\u00e4 tietoja.<\/p>\n\n\n<h2 class=\"wp-block-heading\">Mit\u00e4 oikeuksia sinulla on tietojesi suhteen<\/h2>\n\n\n<p><strong class=\"privacy-policy-tutorial\">Ehdotettu teksti: <\/strong>Jos sinulla on tili t\u00e4ll\u00e4 sivustolla tai olet j\u00e4tt\u00e4nyt kommentteja, voit pyyt\u00e4\u00e4, ett\u00e4 sinulle l\u00e4hetet\u00e4\u00e4n tiedosto sinusta hallussamme olevista henkil\u00f6tiedoista, mukaan lukien kaikki meille antamasi tiedot. Voit my\u00f6s pyyt\u00e4\u00e4, ett\u00e4 poistamme hallussamme olevat henkil\u00f6tietosi. T\u00e4m\u00e4 ei koske tietoja, jotka meid\u00e4n on s\u00e4ilytett\u00e4v\u00e4 hallinnollisista, oikeudellisista tai turvallisuussyist\u00e4.<\/p>\n\n\n<h2 class=\"wp-block-heading\">Minne tietosi l\u00e4hetet\u00e4\u00e4n<\/h2>\n\n\n<p><strong class=\"privacy-policy-tutorial\">Ehdotettu teksti: <\/strong>Vierailijoiden kommentit voidaan tarkistaa automaattisen roskapostin havaitsemispalvelun avulla.<\/p>","protected":false},"excerpt":{"rendered":"<p>Who we are Suggested text: Our website address is: https:\/\/jetsetdrive.com. Comments Suggested text: When visitors leave comments on the site we collect the data shown in the comments form, and also the visitor&#8217;s IP address and browser user agent string to help spam detection. An anonymized string created from your email address (also called a [&hellip;]<\/p>","protected":false},"author":1,"featured_media":0,"parent":0,"menu_order":0,"comment_status":"closed","ping_status":"closed","template":"","meta":{"_acf_changed":false,"footnotes":""},"class_list":["post-3","page","type-page","status-publish","hentry"],"acf":[],"_links":{"self":[{"href":"https:\/\/jetsetdrive.com\/fi\/wp-json\/wp\/v2\/pages\/3","targetHints":{"allow":["GET"]}}],"collection":[{"href":"https:\/\/jetsetdrive.com\/fi\/wp-json\/wp\/v2\/pages"}],"about":[{"href":"https:\/\/jetsetdrive.com\/fi\/wp-json\/wp\/v2\/types\/page"}],"author":[{"embeddable":true,"href":"https:\/\/jetsetdrive.com\/fi\/wp-json\/wp\/v2\/users\/1"}],"replies":[{"embeddable":true,"href":"https:\/\/jetsetdrive.com\/fi\/wp-json\/wp\/v2\/comments?post=3"}],"version-history":[{"count":0,"href":"https:\/\/jetsetdrive.com\/fi\/wp-json\/wp\/v2\/pages\/3\/revisions"}],"wp:attachment":[{"href":"https:\/\/jetsetdrive.com\/fi\/wp-json\/wp\/v2\/media?parent=3"}],"curies":[{"name":"wp","href":"https:\/\/api.w.org\/{rel}","templated":true}]}}